{"id":2788,"date":"2022-06-30T12:04:07","date_gmt":"2022-06-30T10:04:07","guid":{"rendered":"https:\/\/www.training4interculturality.eu\/?page_id=2788"},"modified":"2022-09-10T22:57:03","modified_gmt":"2022-09-10T20:57:03","slug":"section-2","status":"publish","type":"page","link":"https:\/\/www.training4interculturality.eu\/hu\/resources\/section-2\/","title":{"rendered":"Section 2"},"content":{"rendered":"\t\t<div data-elementor-type=\"wp-page\" data-elementor-id=\"2788\" class=\"elementor elementor-2788\" data-elementor-post-type=\"page\">\n\t\t\t\t\t\t<section class=\"elementor-section elementor-top-section elementor-element elementor-element-931cd72 elementor-section-boxed elementor-section-height-default elementor-section-height-default\" data-id=\"931cd72\" data-element_type=\"section\" data-e-type=\"section\">\n\t\t\t\t\t\t<div class=\"elementor-container elementor-column-gap-default\">\n\t\t\t\t\t<div class=\"elementor-column elementor-col-100 elementor-top-column elementor-element elementor-element-46664c9\" data-id=\"46664c9\" data-element_type=\"column\" data-e-type=\"column\">\n\t\t\t<div class=\"elementor-widget-wrap elementor-element-populated\">\n\t\t\t\t\t\t<div class=\"elementor-element elementor-element-966d368 elementor-widget elementor-widget-heading\" data-id=\"966d368\" data-element_type=\"widget\" data-e-type=\"widget\" data-widget_type=\"heading.default\">\n\t\t\t\t<div class=\"elementor-widget-container\">\n\t\t\t\t\t<h1 class=\"elementor-heading-title elementor-size-xxl\">2. Sekci\u00f3<\/h1>\t\t\t\t<\/div>\n\t\t\t\t<\/div>\n\t\t\t\t<div class=\"elementor-element elementor-element-33cef7c elementor-widget elementor-widget-heading\" data-id=\"33cef7c\" data-element_type=\"widget\" data-e-type=\"widget\" data-widget_type=\"heading.default\">\n\t\t\t\t<div class=\"elementor-widget-container\">\n\t\t\t\t\t<h2 class=\"elementor-heading-title elementor-size-xl\">Tr\u00e9ning Curriculum<\/h2>\t\t\t\t<\/div>\n\t\t\t\t<\/div>\n\t\t\t\t\t<\/div>\n\t\t<\/div>\n\t\t\t\t\t<\/div>\n\t\t<\/section>\n\t\t\t\t<section class=\"elementor-section elementor-top-section elementor-element elementor-element-37243b6 elementor-section-boxed elementor-section-height-default elementor-section-height-default\" data-id=\"37243b6\" data-element_type=\"section\" data-e-type=\"section\">\n\t\t\t\t\t\t<div class=\"elementor-container elementor-column-gap-default\">\n\t\t\t\t\t<div class=\"elementor-column elementor-col-100 elementor-top-column elementor-element elementor-element-5b8a85b\" data-id=\"5b8a85b\" data-element_type=\"column\" data-e-type=\"column\">\n\t\t\t<div class=\"elementor-widget-wrap elementor-element-populated\">\n\t\t\t\t\t\t<div class=\"elementor-element elementor-element-4b8c0c4 elementor-widget elementor-widget-text-editor\" data-id=\"4b8c0c4\" data-element_type=\"widget\" data-e-type=\"widget\" data-widget_type=\"text-editor.default\">\n\t\t\t\t<div class=\"elementor-widget-container\">\n\t\t\t\t\t\t\t\t\t<p>Ebben a r\u00e9szben k\u00e9pz\u00e9si folyamat p\u00e9ld\u00e1kat fogsz tal\u00e1lni, modulokra osztva, amiket az MCE m\u00f3dszer ihletett.<\/p>\t\t\t\t\t\t\t\t<\/div>\n\t\t\t\t<\/div>\n\t\t\t\t\t<\/div>\n\t\t<\/div>\n\t\t\t\t\t<\/div>\n\t\t<\/section>\n\t\t\t\t<section class=\"elementor-section elementor-top-section elementor-element elementor-element-ad2c839 elementor-section-full_width elementor-section-height-default elementor-section-height-default\" data-id=\"ad2c839\" data-element_type=\"section\" data-e-type=\"section\">\n\t\t\t\t\t\t<div class=\"elementor-container elementor-column-gap-default\">\n\t\t\t\t\t<div class=\"elementor-column elementor-col-25 elementor-top-column elementor-element elementor-element-94935c2\" data-id=\"94935c2\" data-element_type=\"column\" data-e-type=\"column\">\n\t\t\t<div class=\"elementor-widget-wrap elementor-element-populated\">\n\t\t\t\t\t\t<div class=\"elementor-element elementor-element-4de31ae elementor-flip-box--effect-flip elementor-flip-box--direction-up elementor-widget elementor-widget-flip-box\" data-id=\"4de31ae\" data-element_type=\"widget\" data-e-type=\"widget\" data-widget_type=\"flip-box.default\">\n\t\t\t\t<div class=\"elementor-widget-container\">\n\t\t\t\t\t\t\t<div class=\"elementor-flip-box\" tabindex=\"0\">\n\t\t\t<div class=\"elementor-flip-box__layer elementor-flip-box__front\">\n\t\t\t\t<div class=\"elementor-flip-box__layer__overlay\">\n\t\t\t\t\t<div class=\"elementor-flip-box__layer__inner\">\n\t\t\t\t\t\t\t\t\t\t\t\t\t<div class=\"elementor-flip-box__image\">\n\t\t\t\t\t\t\t\t<img decoding=\"async\" data-src=\"https:\/\/www.training4interculturality.eu\/wp-content\/uploads\/elementor\/thumbs\/1_Introduction-to-3-step-method-pmx7sew50xoda21u2lzraq7h6yi4fo7qjod84v1djk.png\" title=\"1_Introduction to 3 step method\" alt=\"1_Introduction to 3 step method\" src=\"data:image\/svg+xml;base64,PHN2ZyB3aWR0aD0iMSIgaGVpZ2h0PSIxIiB4bWxucz0iaHR0cDovL3d3dy53My5vcmcvMjAwMC9zdmciPjwvc3ZnPg==\" class=\"lazyload\" style=\"--smush-placeholder-width: 200px; --smush-placeholder-aspect-ratio: 200\/200;\" \/>\t\t\t\t\t\t\t<\/div>\n\t\t\t\t\t\t\n\t\t\t\t\t\t\t\t\t\t\t\t\t<h3 class=\"elementor-flip-box__layer__title\">\n\t\t\t\t\t\t\t\tBevezet\u00e9s a h\u00e1rom l\u00e9p\u00e9ses<br> m\u00f3dszerbe\t\t\t\t\t\t\t<\/h3>\n\t\t\t\t\t\t\n\t\t\t\t\t\t\t\t\t\t\t<\/div>\n\t\t\t\t<\/div>\n\t\t\t<\/div>\n\t\t\t<div class=\"elementor-flip-box__layer elementor-flip-box__back\">\n\t\t\t<div class=\"elementor-flip-box__layer__overlay\">\n\t\t\t\t<div class=\"elementor-flip-box__layer__inner\">\n\t\t\t\t\t\n\t\t\t\t\t\n\t\t\t\t\t\t\t\t\t\t\t<a class=\"elementor-flip-box__button elementor-button elementor-size-sm\">\n\t\t\t\t\t\t\tTov\u00e1bb az anyagokra\t\t\t\t\t\t<\/a>\n\t\t\t\t\t\t\t\t<\/div>\n\t\t<\/div>\n\t\t<\/div>\n\t\t<\/div>\n\t\t\t\t\t\t<\/div>\n\t\t\t\t<\/div>\n\t\t\t\t\t<\/div>\n\t\t<\/div>\n\t\t\t\t<div class=\"elementor-column elementor-col-25 elementor-top-column elementor-element elementor-element-3d6c5dc\" data-id=\"3d6c5dc\" data-element_type=\"column\" data-e-type=\"column\">\n\t\t\t<div class=\"elementor-widget-wrap elementor-element-populated\">\n\t\t\t\t\t\t<div class=\"elementor-element elementor-element-139e00c elementor-flip-box--effect-flip elementor-flip-box--direction-up elementor-widget elementor-widget-flip-box\" data-id=\"139e00c\" data-element_type=\"widget\" data-e-type=\"widget\" data-widget_type=\"flip-box.default\">\n\t\t\t\t<div class=\"elementor-widget-container\">\n\t\t\t\t\t\t\t<div class=\"elementor-flip-box\" tabindex=\"0\">\n\t\t\t<div class=\"elementor-flip-box__layer elementor-flip-box__front\">\n\t\t\t\t<div class=\"elementor-flip-box__layer__overlay\">\n\t\t\t\t\t<div class=\"elementor-flip-box__layer__inner\">\n\t\t\t\t\t\t\t\t\t\t\t\t\t<div class=\"elementor-flip-box__image\">\n\t\t\t\t\t\t\t\t<img decoding=\"async\" data-src=\"https:\/\/www.training4interculturality.eu\/wp-content\/uploads\/elementor\/thumbs\/2_Training-Curriculum-pmx7ss1vom6dslipxroj9mvxicp9ffnz9hi0uqhv4g.png\" title=\"2_Training Curriculum\" alt=\"2_Training Curriculum\" src=\"data:image\/svg+xml;base64,PHN2ZyB3aWR0aD0iMSIgaGVpZ2h0PSIxIiB4bWxucz0iaHR0cDovL3d3dy53My5vcmcvMjAwMC9zdmciPjwvc3ZnPg==\" class=\"lazyload\" style=\"--smush-placeholder-width: 200px; --smush-placeholder-aspect-ratio: 200\/200;\" \/>\t\t\t\t\t\t\t<\/div>\n\t\t\t\t\t\t\n\t\t\t\t\t\t\t\t\t\t\t\t\t<h3 class=\"elementor-flip-box__layer__title\">\n\t\t\t\t\t\t\t\tTr\u00e9ning <br>Curriculum\t\t\t\t\t\t\t<\/h3>\n\t\t\t\t\t\t\n\t\t\t\t\t\t\t\t\t\t\t<\/div>\n\t\t\t\t<\/div>\n\t\t\t<\/div>\n\t\t\t<div class=\"elementor-flip-box__layer elementor-flip-box__back\">\n\t\t\t<div class=\"elementor-flip-box__layer__overlay\">\n\t\t\t\t<div class=\"elementor-flip-box__layer__inner\">\n\t\t\t\t\t\n\t\t\t\t\t\n\t\t\t\t\t\t\t\t\t\t\t<a class=\"elementor-flip-box__button elementor-button elementor-size-sm\" href=\"https:\/\/www.training4interculturality.eu\/wp-content\/uploads\/2022\/07\/Training-Curiculum_HU.pdf\" target=\"_blank\" rel=\"nofollow\">\n\t\t\t\t\t\t\tTov\u00e1bb az anyagokra\t\t\t\t\t\t<\/a>\n\t\t\t\t\t\t\t\t<\/div>\n\t\t<\/div>\n\t\t<\/div>\n\t\t<\/div>\n\t\t\t\t\t\t<\/div>\n\t\t\t\t<\/div>\n\t\t\t\t\t<\/div>\n\t\t<\/div>\n\t\t\t\t<div class=\"elementor-column elementor-col-25 elementor-top-column elementor-element elementor-element-66741e9\" data-id=\"66741e9\" data-element_type=\"column\" data-e-type=\"column\">\n\t\t\t<div class=\"elementor-widget-wrap\">\n\t\t\t\t\t\t\t<\/div>\n\t\t<\/div>\n\t\t\t\t<div class=\"elementor-column elementor-col-25 elementor-top-column elementor-element elementor-element-134262c\" data-id=\"134262c\" data-element_type=\"column\" data-e-type=\"column\">\n\t\t\t<div class=\"elementor-widget-wrap\">\n\t\t\t\t\t\t\t<\/div>\n\t\t<\/div>\n\t\t\t\t\t<\/div>\n\t\t<\/section>\n\t\t\t\t<\/div>\n\t\t","protected":false},"excerpt":{"rendered":"<p>2. Sekci\u00f3 Tr\u00e9ning Curriculum Ebben a r\u00e9szben k\u00e9pz\u00e9si folyamat p\u00e9ld\u00e1kat fogsz tal\u00e1lni, modulokra osztva, amiket az MCE m\u00f3dszer ihletett. Bevezet\u00e9s a h\u00e1rom l\u00e9p\u00e9ses m\u00f3dszerbe Tov\u00e1bb az anyagokra Tr\u00e9ning Curriculum Tov\u00e1bb az anyagokra<\/p>\n","protected":false},"author":2,"featured_media":0,"parent":1120,"menu_order":0,"comment_status":"closed","ping_status":"closed","template":"","meta":{"footnotes":""},"class_list":["post-2788","page","type-page","status-publish","hentry","wpbf-post"],"yoast_head":"<!-- This site is optimized with the Yoast SEO plugin v27.5 - https:\/\/yoast.com\/product\/yoast-seo-wordpress\/ -->\n<title>Section 2 - Training 4 Interculturality<\/title>\n<meta name=\"robots\" content=\"index, follow, max-snippet:-1, max-image-preview:large, max-video-preview:-1\" \/>\n<link rel=\"canonical\" href=\"https:\/\/www.training4interculturality.eu\/hu\/resources\/section-2\/\" \/>\n<meta property=\"og:locale\" content=\"hu_HU\" \/>\n<meta property=\"og:type\" content=\"article\" \/>\n<meta property=\"og:title\" content=\"Section 2 - Training 4 Interculturality\" \/>\n<meta property=\"og:description\" content=\"2. Sekci\u00f3 Tr\u00e9ning Curriculum Ebben a r\u00e9szben k\u00e9pz\u00e9si folyamat p\u00e9ld\u00e1kat fogsz tal\u00e1lni, modulokra osztva, amiket az MCE m\u00f3dszer ihletett. Bevezet\u00e9s a h\u00e1rom l\u00e9p\u00e9ses m\u00f3dszerbe Tov\u00e1bb az anyagokra Tr\u00e9ning Curriculum Tov\u00e1bb az anyagokra\" \/>\n<meta property=\"og:url\" content=\"https:\/\/www.training4interculturality.eu\/hu\/resources\/section-2\/\" \/>\n<meta property=\"og:site_name\" content=\"Training 4 Interculturality\" \/>\n<meta property=\"article:modified_time\" content=\"2022-09-10T20:57:03+00:00\" \/>\n<meta property=\"og:image\" content=\"https:\/\/www.training4interculturality.eu\/wp-content\/uploads\/elementor\/thumbs\/1_Introduction-to-3-step-method-pmx7sew50xoda21u2lzraq7h6yi4fo7qjod84v1djk.png\" \/>\n<meta name=\"twitter:card\" content=\"summary_large_image\" \/>\n<script type=\"application\/ld+json\" class=\"yoast-schema-graph\">{\"@context\":\"https:\\\/\\\/schema.org\",\"@graph\":[{\"@type\":\"WebPage\",\"@id\":\"https:\\\/\\\/www.training4interculturality.eu\\\/hu\\\/resources\\\/section-2\\\/\",\"url\":\"https:\\\/\\\/www.training4interculturality.eu\\\/hu\\\/resources\\\/section-2\\\/\",\"name\":\"Section 2 - Training 4 Interculturality\",\"isPartOf\":{\"@id\":\"https:\\\/\\\/www.training4interculturality.eu\\\/it\\\/#website\"},\"primaryImageOfPage\":{\"@id\":\"https:\\\/\\\/www.training4interculturality.eu\\\/hu\\\/resources\\\/section-2\\\/#primaryimage\"},\"image\":{\"@id\":\"https:\\\/\\\/www.training4interculturality.eu\\\/hu\\\/resources\\\/section-2\\\/#primaryimage\"},\"thumbnailUrl\":\"https:\\\/\\\/www.training4interculturality.eu\\\/wp-content\\\/uploads\\\/elementor\\\/thumbs\\\/1_Introduction-to-3-step-method-pmx7sew50xoda21u2lzraq7h6yi4fo7qjod84v1djk.png\",\"datePublished\":\"2022-06-30T10:04:07+00:00\",\"dateModified\":\"2022-09-10T20:57:03+00:00\",\"breadcrumb\":{\"@id\":\"https:\\\/\\\/www.training4interculturality.eu\\\/hu\\\/resources\\\/section-2\\\/#breadcrumb\"},\"inLanguage\":\"hu\",\"potentialAction\":[{\"@type\":\"ReadAction\",\"target\":[\"https:\\\/\\\/www.training4interculturality.eu\\\/hu\\\/resources\\\/section-2\\\/\"]}]},{\"@type\":\"ImageObject\",\"inLanguage\":\"hu\",\"@id\":\"https:\\\/\\\/www.training4interculturality.eu\\\/hu\\\/resources\\\/section-2\\\/#primaryimage\",\"url\":\"https:\\\/\\\/www.training4interculturality.eu\\\/wp-content\\\/uploads\\\/elementor\\\/thumbs\\\/1_Introduction-to-3-step-method-pmx7sew50xoda21u2lzraq7h6yi4fo7qjod84v1djk.png\",\"contentUrl\":\"https:\\\/\\\/www.training4interculturality.eu\\\/wp-content\\\/uploads\\\/elementor\\\/thumbs\\\/1_Introduction-to-3-step-method-pmx7sew50xoda21u2lzraq7h6yi4fo7qjod84v1djk.png\"},{\"@type\":\"BreadcrumbList\",\"@id\":\"https:\\\/\\\/www.training4interculturality.eu\\\/hu\\\/resources\\\/section-2\\\/#breadcrumb\",\"itemListElement\":[{\"@type\":\"ListItem\",\"position\":1,\"name\":\"Home\",\"item\":\"https:\\\/\\\/www.training4interculturality.eu\\\/hu\\\/\"},{\"@type\":\"ListItem\",\"position\":2,\"name\":\"Resources\",\"item\":\"https:\\\/\\\/www.training4interculturality.eu\\\/hu\\\/resources\\\/\"},{\"@type\":\"ListItem\",\"position\":3,\"name\":\"Section 2\"}]},{\"@type\":\"WebSite\",\"@id\":\"https:\\\/\\\/www.training4interculturality.eu\\\/it\\\/#website\",\"url\":\"https:\\\/\\\/www.training4interculturality.eu\\\/it\\\/\",\"name\":\"Training 4 Interculturality\",\"description\":\"\",\"publisher\":{\"@id\":\"https:\\\/\\\/www.training4interculturality.eu\\\/it\\\/#organization\"},\"potentialAction\":[{\"@type\":\"SearchAction\",\"target\":{\"@type\":\"EntryPoint\",\"urlTemplate\":\"https:\\\/\\\/www.training4interculturality.eu\\\/it\\\/?s={search_term_string}\"},\"query-input\":{\"@type\":\"PropertyValueSpecification\",\"valueRequired\":true,\"valueName\":\"search_term_string\"}}],\"inLanguage\":\"hu\"},{\"@type\":\"Organization\",\"@id\":\"https:\\\/\\\/www.training4interculturality.eu\\\/it\\\/#organization\",\"name\":\"Training 4 Interculturality\",\"url\":\"https:\\\/\\\/www.training4interculturality.eu\\\/it\\\/\",\"logo\":{\"@type\":\"ImageObject\",\"inLanguage\":\"hu\",\"@id\":\"https:\\\/\\\/www.training4interculturality.eu\\\/it\\\/#\\\/schema\\\/logo\\\/image\\\/\",\"url\":\"https:\\\/\\\/www.training4interculturality.eu\\\/wp-content\\\/uploads\\\/2020\\\/12\\\/ZELDA_Logo-1.png\",\"contentUrl\":\"https:\\\/\\\/www.training4interculturality.eu\\\/wp-content\\\/uploads\\\/2020\\\/12\\\/ZELDA_Logo-1.png\",\"width\":768,\"height\":768,\"caption\":\"Training 4 Interculturality\"},\"image\":{\"@id\":\"https:\\\/\\\/www.training4interculturality.eu\\\/it\\\/#\\\/schema\\\/logo\\\/image\\\/\"}}]}<\/script>\n<!-- \/ Yoast SEO plugin. -->","yoast_head_json":{"title":"Section 2 - Training 4 Interculturality","robots":{"index":"index","follow":"follow","max-snippet":"max-snippet:-1","max-image-preview":"max-image-preview:large","max-video-preview":"max-video-preview:-1"},"canonical":"https:\/\/www.training4interculturality.eu\/hu\/resources\/section-2\/","og_locale":"hu_HU","og_type":"article","og_title":"Section 2 - Training 4 Interculturality","og_description":"2. Sekci\u00f3 Tr\u00e9ning Curriculum Ebben a r\u00e9szben k\u00e9pz\u00e9si folyamat p\u00e9ld\u00e1kat fogsz tal\u00e1lni, modulokra osztva, amiket az MCE m\u00f3dszer ihletett. Bevezet\u00e9s a h\u00e1rom l\u00e9p\u00e9ses m\u00f3dszerbe Tov\u00e1bb az anyagokra Tr\u00e9ning Curriculum Tov\u00e1bb az anyagokra","og_url":"https:\/\/www.training4interculturality.eu\/hu\/resources\/section-2\/","og_site_name":"Training 4 Interculturality","article_modified_time":"2022-09-10T20:57:03+00:00","og_image":[{"url":"https:\/\/www.training4interculturality.eu\/wp-content\/uploads\/elementor\/thumbs\/1_Introduction-to-3-step-method-pmx7sew50xoda21u2lzraq7h6yi4fo7qjod84v1djk.png","type":"","width":"","height":""}],"twitter_card":"summary_large_image","schema":{"@context":"https:\/\/schema.org","@graph":[{"@type":"WebPage","@id":"https:\/\/www.training4interculturality.eu\/hu\/resources\/section-2\/","url":"https:\/\/www.training4interculturality.eu\/hu\/resources\/section-2\/","name":"Section 2 - Training 4 Interculturality","isPartOf":{"@id":"https:\/\/www.training4interculturality.eu\/it\/#website"},"primaryImageOfPage":{"@id":"https:\/\/www.training4interculturality.eu\/hu\/resources\/section-2\/#primaryimage"},"image":{"@id":"https:\/\/www.training4interculturality.eu\/hu\/resources\/section-2\/#primaryimage"},"thumbnailUrl":"https:\/\/www.training4interculturality.eu\/wp-content\/uploads\/elementor\/thumbs\/1_Introduction-to-3-step-method-pmx7sew50xoda21u2lzraq7h6yi4fo7qjod84v1djk.png","datePublished":"2022-06-30T10:04:07+00:00","dateModified":"2022-09-10T20:57:03+00:00","breadcrumb":{"@id":"https:\/\/www.training4interculturality.eu\/hu\/resources\/section-2\/#breadcrumb"},"inLanguage":"hu","potentialAction":[{"@type":"ReadAction","target":["https:\/\/www.training4interculturality.eu\/hu\/resources\/section-2\/"]}]},{"@type":"ImageObject","inLanguage":"hu","@id":"https:\/\/www.training4interculturality.eu\/hu\/resources\/section-2\/#primaryimage","url":"https:\/\/www.training4interculturality.eu\/wp-content\/uploads\/elementor\/thumbs\/1_Introduction-to-3-step-method-pmx7sew50xoda21u2lzraq7h6yi4fo7qjod84v1djk.png","contentUrl":"https:\/\/www.training4interculturality.eu\/wp-content\/uploads\/elementor\/thumbs\/1_Introduction-to-3-step-method-pmx7sew50xoda21u2lzraq7h6yi4fo7qjod84v1djk.png"},{"@type":"BreadcrumbList","@id":"https:\/\/www.training4interculturality.eu\/hu\/resources\/section-2\/#breadcrumb","itemListElement":[{"@type":"ListItem","position":1,"name":"Home","item":"https:\/\/www.training4interculturality.eu\/hu\/"},{"@type":"ListItem","position":2,"name":"Resources","item":"https:\/\/www.training4interculturality.eu\/hu\/resources\/"},{"@type":"ListItem","position":3,"name":"Section 2"}]},{"@type":"WebSite","@id":"https:\/\/www.training4interculturality.eu\/it\/#website","url":"https:\/\/www.training4interculturality.eu\/it\/","name":"Training 4 Interculturality","description":"","publisher":{"@id":"https:\/\/www.training4interculturality.eu\/it\/#organization"},"potentialAction":[{"@type":"SearchAction","target":{"@type":"EntryPoint","urlTemplate":"https:\/\/www.training4interculturality.eu\/it\/?s={search_term_string}"},"query-input":{"@type":"PropertyValueSpecification","valueRequired":true,"valueName":"search_term_string"}}],"inLanguage":"hu"},{"@type":"Organization","@id":"https:\/\/www.training4interculturality.eu\/it\/#organization","name":"Training 4 Interculturality","url":"https:\/\/www.training4interculturality.eu\/it\/","logo":{"@type":"ImageObject","inLanguage":"hu","@id":"https:\/\/www.training4interculturality.eu\/it\/#\/schema\/logo\/image\/","url":"https:\/\/www.training4interculturality.eu\/wp-content\/uploads\/2020\/12\/ZELDA_Logo-1.png","contentUrl":"https:\/\/www.training4interculturality.eu\/wp-content\/uploads\/2020\/12\/ZELDA_Logo-1.png","width":768,"height":768,"caption":"Training 4 Interculturality"},"image":{"@id":"https:\/\/www.training4interculturality.eu\/it\/#\/schema\/logo\/image\/"}}]}},"_links":{"self":[{"href":"https:\/\/www.training4interculturality.eu\/hu\/wp-json\/wp\/v2\/pages\/2788","targetHints":{"allow":["GET"]}}],"collection":[{"href":"https:\/\/www.training4interculturality.eu\/hu\/wp-json\/wp\/v2\/pages"}],"about":[{"href":"https:\/\/www.training4interculturality.eu\/hu\/wp-json\/wp\/v2\/types\/page"}],"author":[{"embeddable":true,"href":"https:\/\/www.training4interculturality.eu\/hu\/wp-json\/wp\/v2\/users\/2"}],"replies":[{"embeddable":true,"href":"https:\/\/www.training4interculturality.eu\/hu\/wp-json\/wp\/v2\/comments?post=2788"}],"version-history":[{"count":13,"href":"https:\/\/www.training4interculturality.eu\/hu\/wp-json\/wp\/v2\/pages\/2788\/revisions"}],"predecessor-version":[{"id":3775,"href":"https:\/\/www.training4interculturality.eu\/hu\/wp-json\/wp\/v2\/pages\/2788\/revisions\/3775"}],"up":[{"embeddable":true,"href":"https:\/\/www.training4interculturality.eu\/hu\/wp-json\/wp\/v2\/pages\/1120"}],"wp:attachment":[{"href":"https:\/\/www.training4interculturality.eu\/hu\/wp-json\/wp\/v2\/media?parent=2788"}],"curies":[{"name":"wp","href":"https:\/\/api.w.org\/{rel}","templated":true}]}}